{"id":2260,"date":"2024-07-02T19:40:26","date_gmt":"2024-07-03T01:40:26","guid":{"rendered":"https:\/\/dealcmarketplace.com\/?post_type=product&#038;p=2260"},"modified":"2024-07-02T19:44:27","modified_gmt":"2024-07-03T01:44:27","slug":"%f0%9f%a7%bdgoxemp-roll-on","status":"publish","type":"product","link":"https:\/\/dealcmarketplace.com\/en\/product\/%f0%9f%a7%bdgoxemp-roll-on\/","title":{"rendered":"\ud83e\uddfdGoXemp Roll On"},"content":{"rendered":"","protected":false},"excerpt":{"rendered":"<p>\u00a1Ahora con el DOBLE de CBD! con mentol s\u00faper relajante y alcanfor, llega el Gel de CBD GoXemp en Roll On, que es una crema fr\u00eda de formulaci\u00f3n natural, r\u00e1pida y eficaz para tu cuello, espalda, rodillas o pies. Si te pegan, si te trabas, si te inflamas, si te estresas, si hoy tienes gym o un marat\u00f3n, apl\u00edcate los 1800 mg de CBD de GoXemp.<\/p>\n<p>1800 MG. DE CANNABIDIOL EN 89 ML.<\/p>\n<p>DESCRIPCI\u00d3N<\/p>\n<p>\u2022 Contenido de CBD: 1800 mg.<br \/>\n\u2022 Tipo de CBD y Aroma: Cannabidiol de C\u00e1\u00f1amo | Aislado | Aroma Mentol.<br \/>\n\u2022 Ingrediente<\/p>","protected":false},"featured_media":2261,"comment_status":"open","ping_status":"closed","template":"","meta":{"_acf_changed":false,"_bbp_topic_count":0,"_bbp_reply_count":0,"_bbp_total_topic_count":0,"_bbp_total_reply_count":0,"_bbp_voice_count":0,"_bbp_anonymous_reply_count":0,"_bbp_topic_count_hidden":0,"_bbp_reply_count_hidden":0,"_bbp_forum_subforum_count":0},"product_cat":[26],"product_tag":[],"class_list":{"0":"post-2260","1":"product","2":"type-product","3":"status-publish","4":"has-post-thumbnail","6":"product_cat-sin-categorizar","8":"first","9":"instock","10":"shipping-taxable","11":"purchasable","12":"product-type-simple"},"acf":[],"_links":{"self":[{"href":"https:\/\/dealcmarketplace.com\/en\/wp-json\/wp\/v2\/product\/2260"}],"collection":[{"href":"https:\/\/dealcmarketplace.com\/en\/wp-json\/wp\/v2\/product"}],"about":[{"href":"https:\/\/dealcmarketplace.com\/en\/wp-json\/wp\/v2\/types\/product"}],"replies":[{"embeddable":true,"href":"https:\/\/dealcmarketplace.com\/en\/wp-json\/wp\/v2\/comments?post=2260"}],"wp:featuredmedia":[{"embeddable":true,"href":"https:\/\/dealcmarketplace.com\/en\/wp-json\/wp\/v2\/media\/2261"}],"wp:attachment":[{"href":"https:\/\/dealcmarketplace.com\/en\/wp-json\/wp\/v2\/media?parent=2260"}],"wp:term":[{"taxonomy":"product_cat","embeddable":true,"href":"https:\/\/dealcmarketplace.com\/en\/wp-json\/wp\/v2\/product_cat?post=2260"},{"taxonomy":"product_tag","embeddable":true,"href":"https:\/\/dealcmarketplace.com\/en\/wp-json\/wp\/v2\/product_tag?post=2260"}],"curies":[{"name":"wp","href":"https:\/\/api.w.org\/{rel}","templated":true}]}}