{"id":2247,"date":"2024-06-30T12:50:47","date_gmt":"2024-06-30T18:50:47","guid":{"rendered":"https:\/\/dealcmarketplace.com\/?post_type=product&#038;p=2247"},"modified":"2024-06-30T13:21:22","modified_gmt":"2024-06-30T19:21:22","slug":"%f0%9f%92%a7gotas-de-cbd-nk-plus-3600","status":"publish","type":"product","link":"https:\/\/dealcmarketplace.com\/en\/product\/%f0%9f%92%a7gotas-de-cbd-nk-plus-3600\/","title":{"rendered":"\ud83d\udca7Gotas de CBD NK Plus 3600"},"content":{"rendered":"","protected":false},"excerpt":{"rendered":"<p>NK Plus 3600 es una estrella en el mundo del CBD, preferido por muchos por su gran contenido de Cannabidiol y un frasco que te da ma\u0301s por menos. Recomendado por su eficiencia, precio y destacada calidad.<\/p>\n<p>Aceite de concentraci\u00f3n ALTA, con frasco de tama\u00f1o adecuado para quienes lo consumen diariamente. Este Aceite de CBD traer\u00e1 a tu vida y la de los que amas cada uno de los beneficios que est\u00e1s buscando. \u00a1Inicia hoy!.<\/p>","protected":false},"featured_media":2248,"comment_status":"open","ping_status":"closed","template":"","meta":{"_acf_changed":false,"_bbp_topic_count":0,"_bbp_reply_count":0,"_bbp_total_topic_count":0,"_bbp_total_reply_count":0,"_bbp_voice_count":0,"_bbp_anonymous_reply_count":0,"_bbp_topic_count_hidden":0,"_bbp_reply_count_hidden":0,"_bbp_forum_subforum_count":0},"product_cat":[27],"product_tag":[164],"class_list":{"0":"post-2247","1":"product","2":"type-product","3":"status-publish","4":"has-post-thumbnail","6":"product_cat-medicinales","7":"product_tag-gotas","9":"first","10":"instock","11":"shipping-taxable","12":"purchasable","13":"product-type-simple"},"acf":[],"_links":{"self":[{"href":"https:\/\/dealcmarketplace.com\/en\/wp-json\/wp\/v2\/product\/2247"}],"collection":[{"href":"https:\/\/dealcmarketplace.com\/en\/wp-json\/wp\/v2\/product"}],"about":[{"href":"https:\/\/dealcmarketplace.com\/en\/wp-json\/wp\/v2\/types\/product"}],"replies":[{"embeddable":true,"href":"https:\/\/dealcmarketplace.com\/en\/wp-json\/wp\/v2\/comments?post=2247"}],"wp:featuredmedia":[{"embeddable":true,"href":"https:\/\/dealcmarketplace.com\/en\/wp-json\/wp\/v2\/media\/2248"}],"wp:attachment":[{"href":"https:\/\/dealcmarketplace.com\/en\/wp-json\/wp\/v2\/media?parent=2247"}],"wp:term":[{"taxonomy":"product_cat","embeddable":true,"href":"https:\/\/dealcmarketplace.com\/en\/wp-json\/wp\/v2\/product_cat?post=2247"},{"taxonomy":"product_tag","embeddable":true,"href":"https:\/\/dealcmarketplace.com\/en\/wp-json\/wp\/v2\/product_tag?post=2247"}],"curies":[{"name":"wp","href":"https:\/\/api.w.org\/{rel}","templated":true}]}}