{"id":1010,"date":"2023-12-20T16:32:32","date_gmt":"2023-12-20T22:32:32","guid":{"rendered":"https:\/\/dealcmarketplace.com\/?post_type=product&#038;p=1010"},"modified":"2023-12-20T16:34:15","modified_gmt":"2023-12-20T22:34:15","slug":"test","status":"publish","type":"product","link":"https:\/\/dealcmarketplace.com\/en\/product\/test\/","title":{"rendered":"Test"},"content":{"rendered":"<p>Lorem Ipsum es que tiene una distribuci\u00f3n m\u00e1s o menos normal de las letras, al contrario de usar textos como por ejemplo &#8220;Contenido aqu\u00ed, contenido aqu\u00ed&#8221;. Estos textos hacen parecerlo un espa\u00f1ol que se puede leer. Muchos paquetes de autoedici\u00f3n y editores de p\u00e1ginas web usan el Lorem Ipsum como su texto por defecto, y al hacer una b\u00fasqueda de &#8220;Lorem Ipsum&#8221; va a dar por resultado muchos sitios web que usan este texto si se encuentran en estado de desarrollo. Muchas versiones han evolucionado a trav\u00e9s de los a\u00f1os, algunas veces por accidente, otras veces.<\/p>","protected":false},"excerpt":{"rendered":"<p>Es un hecho establecido hace demasiado tiempo que un lector se distraer\u00e1 con el contenido del texto de un sitio mientras que mira su dise\u00f1o.<\/p>","protected":false},"featured_media":927,"comment_status":"open","ping_status":"closed","template":"","meta":{"_acf_changed":false,"_bbp_topic_count":0,"_bbp_reply_count":0,"_bbp_total_topic_count":0,"_bbp_total_reply_count":0,"_bbp_voice_count":0,"_bbp_anonymous_reply_count":0,"_bbp_topic_count_hidden":0,"_bbp_reply_count_hidden":0,"_bbp_forum_subforum_count":0},"product_cat":[27],"product_tag":[],"class_list":{"0":"post-1010","1":"product","2":"type-product","3":"status-publish","4":"has-post-thumbnail","6":"product_cat-medicinales","8":"first","9":"instock","10":"sale","11":"shipping-taxable","12":"purchasable","13":"product-type-simple"},"acf":[],"_links":{"self":[{"href":"https:\/\/dealcmarketplace.com\/en\/wp-json\/wp\/v2\/product\/1010"}],"collection":[{"href":"https:\/\/dealcmarketplace.com\/en\/wp-json\/wp\/v2\/product"}],"about":[{"href":"https:\/\/dealcmarketplace.com\/en\/wp-json\/wp\/v2\/types\/product"}],"replies":[{"embeddable":true,"href":"https:\/\/dealcmarketplace.com\/en\/wp-json\/wp\/v2\/comments?post=1010"}],"wp:featuredmedia":[{"embeddable":true,"href":"https:\/\/dealcmarketplace.com\/en\/wp-json\/wp\/v2\/media\/927"}],"wp:attachment":[{"href":"https:\/\/dealcmarketplace.com\/en\/wp-json\/wp\/v2\/media?parent=1010"}],"wp:term":[{"taxonomy":"product_cat","embeddable":true,"href":"https:\/\/dealcmarketplace.com\/en\/wp-json\/wp\/v2\/product_cat?post=1010"},{"taxonomy":"product_tag","embeddable":true,"href":"https:\/\/dealcmarketplace.com\/en\/wp-json\/wp\/v2\/product_tag?post=1010"}],"curies":[{"name":"wp","href":"https:\/\/api.w.org\/{rel}","templated":true}]}}