{"id":590,"date":"2023-08-04T21:12:54","date_gmt":"2023-08-04T21:12:54","guid":{"rendered":"https:\/\/dealcmarketplace.com\/?page_id=590"},"modified":"2023-08-04T21:12:54","modified_gmt":"2023-08-04T21:12:54","slug":"aviso-de-privacidad","status":"publish","type":"page","link":"https:\/\/dealcmarketplace.com\/en\/aviso-de-privacidad\/","title":{"rendered":"Aviso de Privacidad"},"content":{"rendered":"<p><\/p>\n\n\n\n<p>Esta Pol\u00edtica de privacidad describe c\u00f3mo se recopila, utiliza y comparte su informaci\u00f3n personal cuando visita o hace una compra en https:\/\/dealcmarketplace.com\/ (denominado en lo sucesivo el \u201cSitio\u201d).<\/p>\n\n\n\n<p>INFORMACI\u00d3N PERSONAL QUE RECOPILAMOS<\/p>\n\n\n\n<p>Cuando visita el Sitio, recopilamos autom\u00e1ticamente cierta informaci\u00f3n sobre su dispositivo, incluida informaci\u00f3n sobre su navegador web, direcci\u00f3n IP, zona horaria y algunas de las cookies que est\u00e1n instaladas en su dispositivo. Adem\u00e1s, a medida que navega por el Sitio, recopilamos informaci\u00f3n sobre las p\u00e1ginas web individuales o los productos que ve, las p\u00e1ginas web o los t\u00e9rminos de b\u00fasqueda que lo remitieron al Sitio e informaci\u00f3n sobre c\u00f3mo interact\u00faa usted con el Sitio. Nos referimos a esta informaci\u00f3n recopilada autom\u00e1ticamente como \u201cInformaci\u00f3n del dispositivo\u201d.<\/p>\n\n\n\n<p>Recopilamos Informaci\u00f3n del dispositivo mediante el uso de las siguientes tecnolog\u00edas:<\/p>\n\n\n\n<p><strong>Cookies y Tecnolog\u00edas Similares<\/strong><\/p>\n\n\n\n<p>Utilizamos cookies y tecnolog\u00edas similares para mejorar su experiencia en nuestro sitio web. Estas tecnolog\u00edas pueden recopilar informaci\u00f3n como su direcci\u00f3n IP, tipo de navegador, idioma, p\u00e1ginas visitadas y otros datos de tr\u00e1fico. Puede configurar su navegador para rechazar todas las cookies o para indicar cu\u00e1ndo se est\u00e1 enviando una cookie. Sin embargo, si desactiva las cookies, es posible que algunas funciones de nuestro sitio no funcionen correctamente.<\/p>\n\n\n\n<p><\/p>\n\n\n\n<p>Cuando hablamos de \u201cInformaci\u00f3n personal\u201d en la presente Pol\u00edtica de privacidad, nos referimos tanto a la Informaci\u00f3n del dispositivo como a la Informaci\u00f3n del pedido.<\/p>\n\n\n\n<p>\u00bfC\u00d3MO UTILIZAMOS SU INFORMACI\u00d3N PERSONAL?<\/p>\n\n\n\n<p>Cuando usted utiliza nuestro sitio web, podemos recopilar la siguiente informaci\u00f3n personal a trav\u00e9s de nuestros formularios de contacto:<\/p>\n\n\n\n<ol class=\"wp-block-list\">\n<li>Nombre completo<\/li>\n\n\n\n<li>N\u00famero de tel\u00e9fono<\/li>\n\n\n\n<li>Direcci\u00f3n de correo electr\u00f3nico<\/li>\n<\/ol>\n\n\n\n<p>Utilizamos la informaci\u00f3n personal que recopilamos para los siguientes fines:<\/p>\n\n\n\n<ol class=\"wp-block-list\">\n<li>Responder a sus consultas y proporcionar asistencia relacionada con nuestros servicios.<\/li>\n\n\n\n<li>Enviar comunicaciones, como actualizaciones, noticias o promociones, relacionadas con nuestros productos y servicios. Si no desea recibir estas comunicaciones, puede optar por darse de baja siguiendo las instrucciones proporcionadas en los correos electr\u00f3nicos.<\/li>\n\n\n\n<li>Mejorar nuestro sitio web y servicios mediante el an\u00e1lisis de datos y el estudio del comportamiento del usuario.<\/li>\n<\/ol>\n\n\n\n<p><strong>Divulgaci\u00f3n a Terceros<\/strong><\/p>\n\n\n\n<p>No vendemos, intercambiamos ni transferimos de ninguna otra manera su informaci\u00f3n personal a terceros externos, excepto en los siguientes casos:<\/p>\n\n\n\n<ol class=\"wp-block-list\">\n<li>Cuando sea necesario para prestar servicios en nuestro nombre, como proveedores de servicios de alojamiento web o servicios de marketing.<\/li>\n\n\n\n<li>Cuando estemos obligados a hacerlo por ley o en respuesta a una solicitud v\u00e1lida de una autoridad gubernamental.<\/li>\n<\/ol>\n\n\n\n<p>En cualquier caso, nos aseguraremos de que estos terceros est\u00e9n sujetos a acuerdos de confidencialidad y solo utilicen su informaci\u00f3n personal para los fines especificados.<\/p>\n\n\n\n<p><\/p>\n\n\n\n<p>Utilizamos la Informaci\u00f3n del dispositivo que recopilamos para ayudarnos a detectar posibles riesgos y fraudes (en particular, su direcci\u00f3n IP) y, en general, para mejorar y optimizar nuestro Sitio (por ejemplo, al generar informes y estad\u00edsticas sobre c\u00f3mo nuestros clientes navegan e interact\u00faan con el Sitio y para evaluar el \u00e9xito de nuestras campa\u00f1as publicitarias y de marketing).<\/p>\n\n\n\n<p><\/p>\n\n\n\n<p><\/p>\n\n\n\n<p>PUBLICIDAD ORIENTADA POR EL COMPORTAMIENTO<\/p>\n\n\n\n<p>Como se describi\u00f3 anteriormente, utilizamos su Informaci\u00f3n personal para proporcionarle anuncios publicitarios dirigidos o comunicaciones de marketing que creemos que pueden ser de su inter\u00e9s.&nbsp; Para m\u00e1s informaci\u00f3n sobre c\u00f3mo funciona la publicidad dirigida, puede visitar la p\u00e1gina educativa de la Iniciativa Publicitaria en la Red (\u201cNAI\u201d por sus siglas en ingl\u00e9s) en http:\/\/www.networkadvertising.org\/understanding-online-advertising\/how-does-it-work.<\/p>\n\n\n\n<p>Puede darse de baja de la publicidad dirigida mediante los siguientes enlaces:<\/p>\n\n\n\n<p>&nbsp; ALGUNOS ENLACES FRECUENTES INCLUYEN:<\/p>\n\n\n\n<p>&nbsp;FACEBOOK: https:\/\/www.facebook.com\/settings\/?tab=ads<\/p>\n\n\n\n<p>&nbsp; &nbsp; GOOGLE: https:\/\/adssettings.google.com\/authenticated?hl=es<\/p>\n\n\n\n<p>&nbsp; &nbsp; BING: https:\/\/about.ads.microsoft.com\/es-es\/recursos\/directivas\/anuncios-personalizados<\/p>\n\n\n\n<p>]]<\/p>\n\n\n\n<p>Adem\u00e1s, puede darse de baja de algunos de estos servicios visitando el portal de exclusi\u00f3n voluntaria de Digital Advertising Alliance en: ttp:\/\/optout.aboutads.info\/.<\/p>\n\n\n\n<p>NO RASTREAR<\/p>\n\n\n\n<p>Tenga en cuenta que no alteramos las pr\u00e1cticas de recopilaci\u00f3n y uso de datos de nuestro Sitio cuando vemos una se\u00f1al de No rastrear desde su navegador.<\/p>\n\n\n\n<p>SUS DERECHOS<\/p>\n\n\n\n<p>Si usted es un residente europeo, tiene derecho a acceder a la informaci\u00f3n personal que tenemos sobre usted y a solicitar que su informaci\u00f3n personal sea corregida, actualizada o eliminada. Si desea ejercer este derecho, comun\u00edquese con nosotros a trav\u00e9s de la informaci\u00f3n de contacto que se encuentra a continuaci\u00f3n.<\/p>\n\n\n\n<p>Adem\u00e1s, si usted es un residente europeo, tenemos en cuenta que estamos procesando su informaci\u00f3n para cumplir con los contratos que podamos tener con usted (por ejemplo, si realiza un pedido a trav\u00e9s del Sitio) o para perseguir nuestros intereses comerciales leg\u00edtimos enumerados anteriormente.&nbsp; Adem\u00e1s, tenga en cuenta que su informaci\u00f3n se transferir\u00e1 fuera de Europa, incluidos Canad\u00e1 y los Estados Unidos.<\/p>\n\n\n\n<p>RETENCI\u00d3N DE DATOS<\/p>\n\n\n\n<p>Cuando realiza un pedido a trav\u00e9s del Sitio, mantendremos su Informaci\u00f3n del pedido para nuestros registros a menos que y hasta que nos pida que eliminemos esta informaci\u00f3n.<\/p>\n\n\n\n<p>MENORES<\/p>\n\n\n\n<p>El sitio no est\u00e1 destinado a personas menores de 18 a\u00f1os.<\/p>\n\n\n\n<p>CAMBIOS<\/p>\n\n\n\n<p>Podemos actualizar esta pol\u00edtica de privacidad peri\u00f3dicamente para reflejar, por ejemplo, cambios en nuestras pr\u00e1cticas o por otros motivos operativos, legales o reglamentarios.<\/p>\n\n\n\n<p>CONT\u00c1CTENOS<\/p>\n\n\n\n<p>Para obtener m\u00e1s informaci\u00f3n sobre nuestras pr\u00e1cticas de privacidad, si tiene alguna pregunta o si desea presentar una queja, cont\u00e1ctenos por correo electr\u00f3nico a: <\/p>","protected":false},"excerpt":{"rendered":"<p>Esta Pol\u00edtica de privacidad describe c\u00f3mo se recopila, utiliza y comparte su informaci\u00f3n personal cuando visita o hace una compra en https:\/\/dealcmarketplace.com\/ (denominado en lo sucesivo el \u201cSitio\u201d). INFORMACI\u00d3N PERSONAL QUE RECOPILAMOS Cuando visita el Sitio, recopilamos autom\u00e1ticamente cierta informaci\u00f3n sobre su dispositivo, incluida informaci\u00f3n sobre su navegador web, direcci\u00f3n IP, zona horaria y algunas [&hellip;]<\/p>","protected":false},"author":1,"featured_media":0,"parent":0,"menu_order":0,"comment_status":"closed","ping_status":"closed","template":"","meta":{"_acf_changed":false,"_bbp_topic_count":0,"_bbp_reply_count":0,"_bbp_total_topic_count":0,"_bbp_total_reply_count":0,"_bbp_voice_count":0,"_bbp_anonymous_reply_count":0,"_bbp_topic_count_hidden":0,"_bbp_reply_count_hidden":0,"_bbp_forum_subforum_count":0,"footnotes":""},"class_list":["post-590","page","type-page","status-publish","hentry"],"acf":[],"_links":{"self":[{"href":"https:\/\/dealcmarketplace.com\/en\/wp-json\/wp\/v2\/pages\/590"}],"collection":[{"href":"https:\/\/dealcmarketplace.com\/en\/wp-json\/wp\/v2\/pages"}],"about":[{"href":"https:\/\/dealcmarketplace.com\/en\/wp-json\/wp\/v2\/types\/page"}],"author":[{"embeddable":true,"href":"https:\/\/dealcmarketplace.com\/en\/wp-json\/wp\/v2\/users\/1"}],"replies":[{"embeddable":true,"href":"https:\/\/dealcmarketplace.com\/en\/wp-json\/wp\/v2\/comments?post=590"}],"version-history":[{"count":0,"href":"https:\/\/dealcmarketplace.com\/en\/wp-json\/wp\/v2\/pages\/590\/revisions"}],"wp:attachment":[{"href":"https:\/\/dealcmarketplace.com\/en\/wp-json\/wp\/v2\/media?parent=590"}],"curies":[{"name":"wp","href":"https:\/\/api.w.org\/{rel}","templated":true}]}}