{"id":266,"date":"2023-08-02T21:11:05","date_gmt":"2023-08-02T21:11:05","guid":{"rendered":"https:\/\/dealcmarketplace.com\/?page_id=266"},"modified":"2023-08-05T00:22:05","modified_gmt":"2023-08-05T00:22:05","slug":"sobre-deals-c","status":"publish","type":"page","link":"https:\/\/dealcmarketplace.com\/en\/sobre-deals-c\/","title":{"rendered":"Sobre Deals-C"},"content":{"rendered":"<div data-elementor-type=\"wp-page\" data-elementor-id=\"266\" class=\"elementor elementor-266\" data-elementor-post-type=\"page\">\n\t\t\t\t<div class=\"elementor-element elementor-element-407b68d elcontenido e-flex e-con-boxed e-con e-parent\" data-id=\"407b68d\" data-element_type=\"container\" id=\"elcontenido\">\n\t\t\t\t\t<div class=\"e-con-inner\">\n\t\t\t\t<div class=\"elementor-element elementor-element-c15e662 elementor-absolute elementor-widget elementor-widget-image\" data-id=\"c15e662\" data-element_type=\"widget\" data-settings=\"{&quot;_position&quot;:&quot;absolute&quot;,&quot;motion_fx_motion_fx_scrolling&quot;:&quot;yes&quot;,&quot;motion_fx_rotateZ_effect&quot;:&quot;yes&quot;,&quot;motion_fx_rotateZ_speed&quot;:{&quot;unit&quot;:&quot;px&quot;,&quot;size&quot;:2.1,&quot;sizes&quot;:[]},&quot;motion_fx_rotateZ_affectedRange&quot;:{&quot;unit&quot;:&quot;%&quot;,&quot;size&quot;:&quot;&quot;,&quot;sizes&quot;:{&quot;start&quot;:0,&quot;end&quot;:100}},&quot;motion_fx_devices&quot;:[&quot;widescreen&quot;,&quot;desktop&quot;,&quot;tablet&quot;,&quot;mobile&quot;]}\" data-widget_type=\"image.default\">\n\t\t\t\t<div class=\"elementor-widget-container\">\n\t\t\t<style>\/*! elementor - v3.23.0 - 05-08-2024 *\/\n.elementor-widget-image{text-align:center}.elementor-widget-image a{display:inline-block}.elementor-widget-image a img[src$=\".svg\"]{width:48px}.elementor-widget-image img{vertical-align:middle;display:inline-block}<\/style>\t\t\t\t\t\t\t\t\t\t<img decoding=\"async\" width=\"188\" height=\"161\" data-src=\"https:\/\/dealcmarketplace.com\/wp-content\/uploads\/2023\/08\/sello.svg\" class=\"attachment-large size-large wp-image-111 lazyload\" alt=\"\" src=\"data:image\/gif;base64,R0lGODlhAQABAAAAACH5BAEKAAEALAAAAAABAAEAAAICTAEAOw==\" style=\"--smush-placeholder-width: 188px; --smush-placeholder-aspect-ratio: 188\/161;\" \/><noscript><img decoding=\"async\" width=\"188\" height=\"161\" src=\"https:\/\/dealcmarketplace.com\/wp-content\/uploads\/2023\/08\/sello.svg\" class=\"attachment-large size-large wp-image-111\" alt=\"\" \/><\/noscript>\t\t\t\t\t\t\t\t\t\t\t\t\t<\/div>\n\t\t\t\t<\/div>\n\t\t\t\t<div class=\"elementor-element elementor-element-f1a03f2 elementor-widget__width-inherit elementor-widget elementor-widget-heading\" data-id=\"f1a03f2\" data-element_type=\"widget\" data-widget_type=\"heading.default\">\n\t\t\t\t<div class=\"elementor-widget-container\">\n\t\t\t<style>\/*! elementor - v3.23.0 - 05-08-2024 *\/\n.elementor-heading-title{padding:0;margin:0;line-height:1}.elementor-widget-heading .elementor-heading-title[class*=elementor-size-]>a{color:inherit;font-size:inherit;line-height:inherit}.elementor-widget-heading .elementor-heading-title.elementor-size-small{font-size:15px}.elementor-widget-heading .elementor-heading-title.elementor-size-medium{font-size:19px}.elementor-widget-heading .elementor-heading-title.elementor-size-large{font-size:29px}.elementor-widget-heading .elementor-heading-title.elementor-size-xl{font-size:39px}.elementor-widget-heading .elementor-heading-title.elementor-size-xxl{font-size:59px}<\/style><h2 class=\"elementor-heading-title elementor-size-default\">Sobre <svg xmlns=\"http:\/\/www.w3.org\/2000\/svg\" width=\"148.756\" height=\"30.138\" viewbox=\"0 0 148.756 30.138\">\n  <g id=\"Group_199\" data-name=\"Group 199\" transform=\"translate(-8106.018 -2810.064)\">\n    <path id=\"Path_24\" data-name=\"Path 24\" d=\"M8204.06,2919.745c0-7.013,4.282-12.419,10.278-12.419a5.573,5.573,0,0,1,5.888,5.942c0,5.674-6,7.28-9.047,7.548a3.937,3.937,0,0,0,3.748,1.874c2.944,0,5.405-1.82,7.387-5.888l3.372,1.605c-3.318,7.6-8.137,9.261-12.151,9.261C8207.967,2927.668,8204.06,2924.509,8204.06,2919.745Zm11.938-6.477a1.031,1.031,0,0,0-1.017-1.178c-1.339,0-3.374,1.82-4.069,4.6C8213.8,2916.48,8216,2914.981,8216,2913.268Z\" transform=\"translate(-67.625 -88.429)\" fill=\"#00834b\"><\/path>\n    <path id=\"Path_25\" data-name=\"Path 25\" d=\"M8270.225,2909.569a5.356,5.356,0,0,1,4.6,2.195c.214-.7.481-1.445.7-2.195h6.745c-1.659,5.621-3.157,10.867-3.373,11.991-.428,2.356.321,2.677.858,2.677,1.23,0,3.051-1.82,5.032-5.888l3.372,1.606c-3.32,7.6-6,9.261-10.118,9.261a5.925,5.925,0,0,1-5.193-2.837,7.824,7.824,0,0,1-6,2.837c-3.907,0-6.369-2.623-6.369-6.8C8260.483,2915.725,8265.141,2909.569,8270.225,2909.569Zm-1.551,14.829c2.621,0,3.96-3.961,4.281-7.173.107-1.338-.481-2.677-1.981-2.677-2.675,0-4.228,3.319-4.335,7.066C8266.585,2922.845,8267.228,2924.4,8268.674,2924.4Z\" transform=\"translate(-106.544 -89.976)\" fill=\"#00834b\"><\/path>\n    <path id=\"Path_26\" data-name=\"Path 26\" d=\"M8346.837,2878.856c-1.66,5.621-5.89,20.4-6.1,21.519-.428,2.356.215,2.677,1.017,2.677,2.072,0,3.706-4.261,4.885-6.831l3.361,2.495c-2.249,5.3-4.4,9.314-10.279,9.314-3.962,0-6.049-2.569-5.781-6.531.161-2.355,4.336-16.862,6.156-22.644Z\" transform=\"translate(-157.192 -68.792)\" fill=\"#00834b\"><\/path>\n    <path id=\"Path_27\" data-name=\"Path 27\" d=\"M8372.864,2911.19s3.1,1.445,3.479,1.659c-1.444,4.5.911,6.156,3.586,6.156,2.463,0,3.748-1.231,3.748-2.409,0-2.89-9.367-2.195-9.153-8.939.107-3.8,3.266-6.37,7.868-6.37,3.588,0,7.066,1.873,7.066,5.3a2.516,2.516,0,0,1-2.677,2.73c-1.713,0-2.837-.91-2.462-2.355.32-1.231.053-2.73-1.5-2.73a2.39,2.39,0,0,0-2.461,2.57c0,3.372,9.046,3.479,9.475,8.458a7.038,7.038,0,0,1-1.5,5.032,9.679,9.679,0,0,1-7.493,3.212c-5.407,0-9.047-2.784-9.261-7.227A9.737,9.737,0,0,1,8372.864,2911.19Z\" transform=\"translate(-183.168 -84.264)\" fill=\"#00834b\"><\/path>\n    <path id=\"Path_28\" data-name=\"Path 28\" d=\"M8533.283,2892.015c-.024-1.182-2.014-1.786-3.646-1.444-2.4.5-5.132,3.159-6.345,6.893-1.721,5.288-1.079,10.747,3.68,11.249a8.355,8.355,0,0,0,6.881-3.03l2.348.854c-2.241,4.876-6.015,7.261-10.892,7.261-6.441,0-10.251-4.094-10.251-10.394a17.83,17.83,0,0,1,1-5.588c.466-1.255,1.3-3.02,1.423-3.275,2.563-4.77,6.978-8.72,12.245-8.72,5.125,0,7.189,2.278,7.189,5.873Z\" transform=\"translate(-282.14 -73.597)\" fill=\"#00834b\"><\/path>\n    <g id=\"Group_11\" data-name=\"Group 11\" transform=\"translate(8211.186 2822.799)\">\n      <path id=\"Path_29\" data-name=\"Path 29\" d=\"M8445.487,2931.219h5.743v-4.333h-5.743a.481.481,0,0,0-.481.482v3.37A.481.481,0,0,0,8445.487,2931.219Z\" transform=\"translate(-8445.006 -2924.72)\" fill=\"#00834b\"><\/path>\n      <g id=\"Group_10\" data-name=\"Group 10\" transform=\"translate(3.336 0)\">\n        <path id=\"Path_30\" data-name=\"Path 30\" d=\"M8465.864,2924.237v3.852a.481.481,0,0,1-.481.481h-5.655c-.942,0-.712-2.167-1.678-2.167l-2.29-.04v-4.254l2.354-.039c.926,0,.672-2.167,1.614-2.167h5.655a.481.481,0,0,1,.481.482Z\" transform=\"translate(-8455.76 -2919.904)\" fill=\"#00834b\"><\/path>\n        <g id=\"Group_9\" data-name=\"Group 9\" transform=\"translate(10.106 1.26)\">\n          <path id=\"Path_31\" data-name=\"Path 31\" d=\"M8492.316,2939.328a.487.487,0,0,1,.487.487v.406a.488.488,0,0,1-.487.487h-3.984v-1.38Z\" transform=\"translate(-8488.332 -2934.562)\" fill=\"#00834b\"><\/path>\n          <path id=\"Path_32\" data-name=\"Path 32\" d=\"M8492.316,2923.966a.487.487,0,0,1,.487.487v.406a.488.488,0,0,1-.487.487h-3.984v-1.38Z\" transform=\"translate(-8488.332 -2923.966)\" fill=\"#00834b\"><\/path>\n        <\/g>\n      <\/g>\n    <\/g>\n    <path id=\"Path_33\" data-name=\"Path 33\" d=\"M8129.306,2887.652a18.168,18.168,0,0,0-6.074-2.23,31.134,31.134,0,0,0-7.122-.527c-3.944.2-7.63,2.151-9.272,5.873-1.677,3.8-.749,7.962,2.48,11.131l2.546-2.921c-2.355-2.312-1.867-4.479-1.415-5.586a5.581,5.581,0,0,1,2.593-2.789,5.229,5.229,0,0,1,3.276-.65c-1.377,4.656-2.757,10.2-6.012,19.082l3.146,3.267c4.311-.514,4.205.836,8.987.836,6.94,0,13.6-3.938,13.6-13.123A13.927,13.927,0,0,0,8129.306,2887.652Zm-7.248,19.786c-2,.2-3.225-.587-4.332-.747,0,0,3.024-8.875,4.053-13.8.13-.622-.661-1.833-1.53-2.58,4.126.76,7.621,3.065,8.285,7.484C8129.17,2902.029,8126.624,2906.975,8122.058,2907.438Z\" transform=\"translate(0 -72.935)\" fill=\"#00834b\"><\/path>\n  <\/g>\n<\/svg><\/h2>\t\t<\/div>\n\t\t\t\t<\/div>\n\t\t<div class=\"elementor-element elementor-element-7967a2d e-flex e-con-boxed e-con e-child\" data-id=\"7967a2d\" data-element_type=\"container\">\n\t\t\t\t\t<div class=\"e-con-inner\">\n\t\t\t\t<div class=\"elementor-element elementor-element-69bb3d9 elementor-widget elementor-widget-text-editor\" data-id=\"69bb3d9\" data-element_type=\"widget\" id=\"pdfContent\" data-widget_type=\"text-editor.default\">\n\t\t\t\t<div class=\"elementor-widget-container\">\n\t\t\t<style>\/*! elementor - v3.23.0 - 05-08-2024 *\/\n.elementor-widget-text-editor.elementor-drop-cap-view-stacked .elementor-drop-cap{background-color:#69727d;color:#fff}.elementor-widget-text-editor.elementor-drop-cap-view-framed .elementor-drop-cap{color:#69727d;border:3px solid;background-color:transparent}.elementor-widget-text-editor:not(.elementor-drop-cap-view-default) .elementor-drop-cap{margin-top:8px}.elementor-widget-text-editor:not(.elementor-drop-cap-view-default) .elementor-drop-cap-letter{width:1em;height:1em}.elementor-widget-text-editor .elementor-drop-cap{float:left;text-align:center;line-height:1;font-size:50px}.elementor-widget-text-editor .elementor-drop-cap-letter{display:inline-block}<\/style>\t\t\t\t<p>Deals-C es una plataforma de comercio electr\u00f3nico din\u00e1mica<br \/>y en\u00e9rgica que sirve como el punto de encuentro entre proveedores y consumidores dentro de la emergente industria<br \/>del cannabis. Nuestro enfoque se centra en proporcionar una experiencia de usuario excepcionalmente intuitiva, mientras facilitamos el acceso a una gama diversa y creciente de productos y servicios relacionados con el cannabis.<\/p><p>Fundada con una visi\u00f3n audaz y con una firme creencia<br \/>en el potencial del sector del cannabis, Deals- C se ha comprometido a convertirse en la plataforma de referencia<br \/>para el mercado de cannabis. Nuestro objetivo es no solo satisfacer la demanda actual, sino tambi\u00e9n anticipar y responder<br \/>a las necesidades cambiantes y a las tendencias futuras.<\/p><p>Nuestro equipo est\u00e1 compuesto por profesionales altamente capacitados y dedicados que comparten una pasi\u00f3n por la innovaci\u00f3n y la excelencia. Utilizamos la tecnolog\u00eda m\u00e1s avanzada para proporcionar una plataforma segura, eficiente y f\u00e1cil de usar que beneficie tanto a los consumidores como a los proveedores.<br \/>Para los proveedores, ofrecemos una plataforma de ventas de alta visibilidad que les permite alcanzar a un amplio p\u00fablico de consumidores interesados en productos y servicios relacionados con el cannabis. Les proporcionamos las herramientas necesarias para gestionar eficazmente sus productos, realizar un seguimiento de sus ventas y recibir pagos de manera r\u00e1pida y segura.<\/p><p>Para los consumidores, ofrecemos una plataforma de compras diversificada y f\u00e1cil de usar que les permite buscar y comprar<br \/>una variedad de productos y servicios de cannabis de alta calidad. Nuestro sistema de b\u00fasqueda avanzado permite a los usuarios buscar productos por categor\u00eda, ubicaci\u00f3n, tiempo de entrega<br \/>y otros par\u00e1metros, lo que facilita la b\u00fasqueda<br \/>del producto perfecto.<\/p><p>En Deals-C, nos enorgullece ser pioneros en la industria del cannabis. Trabajamos constantemente para mejorar y expandir nuestra plataforma y para continuar ofreciendo a nuestros usuarios la mejor experiencia de compra posible. Nuestro compromiso con la calidad, la integridad y la satisfacci\u00f3n del cliente es la fuerza impulsora detr\u00e1s de todo lo que hacemos.<\/p>\t\t\t\t\t\t<\/div>\n\t\t\t\t<\/div>\n\t\t\t\t<div class=\"elementor-element elementor-element-1ed5555 elementor-align-left elementor-widget elementor-widget-button\" data-id=\"1ed5555\" data-element_type=\"widget\" data-widget_type=\"button.default\">\n\t\t\t\t<div class=\"elementor-widget-container\">\n\t\t\t\t\t<div class=\"elementor-button-wrapper\">\n\t\t\t<a class=\"elementor-button elementor-button-link elementor-size-md\" href=\"https:\/\/dealcmarketplace.com\/wp-content\/uploads\/2023\/08\/resumen-ejecutivo-deals-c.pdf\" target=\"_blank\" download=\"\">\n\t\t\t\t\t\t<span class=\"elementor-button-content-wrapper\">\n\t\t\t\t\t\t\t\t\t<span class=\"elementor-button-text\">Descargar documento de resumen<\/span>\n\t\t\t\t\t<\/span>\n\t\t\t\t\t<\/a>\n\t\t<\/div>\n\t\t\t\t<\/div>\n\t\t\t\t<\/div>\n\t\t\t\t\t<\/div>\n\t\t\t\t<\/div>\n\t\t\t\t\t<\/div>\n\t\t\t\t<\/div>\n\t\t\t\t<\/div>","protected":false},"excerpt":{"rendered":"<p>Sobre Deals-C es una plataforma de comercio electr\u00f3nico din\u00e1micay en\u00e9rgica que sirve como el punto de encuentro entre proveedores y consumidores dentro de la emergente industriadel cannabis. Nuestro enfoque se centra en proporcionar una experiencia de usuario excepcionalmente intuitiva, mientras facilitamos el acceso a una gama diversa y creciente de productos y servicios relacionados con [&hellip;]<\/p>","protected":false},"author":1,"featured_media":0,"parent":0,"menu_order":0,"comment_status":"closed","ping_status":"closed","template":"","meta":{"_acf_changed":false,"_bbp_topic_count":0,"_bbp_reply_count":0,"_bbp_total_topic_count":0,"_bbp_total_reply_count":0,"_bbp_voice_count":0,"_bbp_anonymous_reply_count":0,"_bbp_topic_count_hidden":0,"_bbp_reply_count_hidden":0,"_bbp_forum_subforum_count":0,"footnotes":""},"class_list":["post-266","page","type-page","status-publish","hentry"],"acf":[],"_links":{"self":[{"href":"https:\/\/dealcmarketplace.com\/en\/wp-json\/wp\/v2\/pages\/266"}],"collection":[{"href":"https:\/\/dealcmarketplace.com\/en\/wp-json\/wp\/v2\/pages"}],"about":[{"href":"https:\/\/dealcmarketplace.com\/en\/wp-json\/wp\/v2\/types\/page"}],"author":[{"embeddable":true,"href":"https:\/\/dealcmarketplace.com\/en\/wp-json\/wp\/v2\/users\/1"}],"replies":[{"embeddable":true,"href":"https:\/\/dealcmarketplace.com\/en\/wp-json\/wp\/v2\/comments?post=266"}],"version-history":[{"count":0,"href":"https:\/\/dealcmarketplace.com\/en\/wp-json\/wp\/v2\/pages\/266\/revisions"}],"wp:attachment":[{"href":"https:\/\/dealcmarketplace.com\/en\/wp-json\/wp\/v2\/media?parent=266"}],"curies":[{"name":"wp","href":"https:\/\/api.w.org\/{rel}","templated":true}]}}